{"id":21,"date":"2013-10-21T19:52:04","date_gmt":"2013-10-21T18:52:04","guid":{"rendered":"http:\/\/www.krichmayr.at\/?page_id=21"},"modified":"2020-05-15T10:09:52","modified_gmt":"2020-05-15T09:09:52","slug":"info","status":"publish","type":"page","link":"https:\/\/www.krichmayr.at\/","title":{"rendered":"Info"},"content":{"rendered":"<p>Keiner wei\u00df genau, wie es dazu gekommen ist. Aber Katharina &amp; mich hat es irgendwie tats\u00e4chlich nach Buenos Aires verschlagen. Jetzt versuchen wir uns, mithilfe einer Gouvernante von Sprachlehrerin das gew\u00f6hnungsbed\u00fcrftige argentinische Spanisch anzueignen und &nbsp;jeden Winkel der Stadt und der argentinischen Seele zu erkunden, bevor wir uns auf die Reise durchs Land machen. Damit ich nicht alles gleich wieder vergesse &amp; euch auf dem Laufenden halte, schick ich hier hin und wieder ein paar Worte \u00fcber den Ozean.<\/p>\n<p>Mucho gusto!<\/p>\n<p>Karin<\/p>\n","protected":false},"excerpt":{"rendered":"<p>Keiner wei\u00df genau, wie es dazu gekommen ist. Aber Katharina &amp; mich hat es irgendwie tats\u00e4chlich nach Buenos Aires verschlagen. Jetzt versuchen wir uns, mithilfe einer Gouvernante von Sprachlehrerin das gew\u00f6hnungsbed\u00fcrftige argentinische Spanisch anzueignen und &nbsp;jeden Winkel der Stadt und der argentinischen Seele zu erkunden, bevor wir uns auf die Reise durchs Land machen. Damit <a class=\"read-more\" href=\"https:\/\/www.krichmayr.at\/\">... weiterlesen <span class=\"meta-nav\">&rarr;<\/span><\/a><\/p>\n","protected":false},"author":2,"featured_media":0,"parent":0,"menu_order":0,"comment_status":"closed","ping_status":"open","template":"","meta":[],"_links":{"self":[{"href":"https:\/\/www.krichmayr.at\/index.php?rest_route=\/wp\/v2\/pages\/21"}],"collection":[{"href":"https:\/\/www.krichmayr.at\/index.php?rest_route=\/wp\/v2\/pages"}],"about":[{"href":"https:\/\/www.krichmayr.at\/index.php?rest_route=\/wp\/v2\/types\/page"}],"author":[{"embeddable":true,"href":"https:\/\/www.krichmayr.at\/index.php?rest_route=\/wp\/v2\/users\/2"}],"replies":[{"embeddable":true,"href":"https:\/\/www.krichmayr.at\/index.php?rest_route=%2Fwp%2Fv2%2Fcomments&post=21"}],"version-history":[{"count":6,"href":"https:\/\/www.krichmayr.at\/index.php?rest_route=\/wp\/v2\/pages\/21\/revisions"}],"predecessor-version":[{"id":315,"href":"https:\/\/www.krichmayr.at\/index.php?rest_route=\/wp\/v2\/pages\/21\/revisions\/315"}],"wp:attachment":[{"href":"https:\/\/www.krichmayr.at\/index.php?rest_route=%2Fwp%2Fv2%2Fmedia&parent=21"}],"curies":[{"name":"wp","href":"https:\/\/api.w.org\/{rel}","templated":true}]}}